{"id":30295,"date":"2022-07-11T17:15:35","date_gmt":"2022-07-11T15:15:35","guid":{"rendered":"https:\/\/decysive.eu\/?page_id=30295"},"modified":"2022-07-19T18:38:39","modified_gmt":"2022-07-19T16:38:39","slug":"politiques","status":"publish","type":"page","link":"https:\/\/decysive.eu\/en\/politiques\/","title":{"rendered":"Privacy policy"},"content":{"rendered":"<div data-elementor-type=\"wp-page\" data-elementor-id=\"30295\" class=\"elementor elementor-30295\" data-elementor-post-type=\"page\">\n\t\t\t\t\t\t<section class=\"elementor-section elementor-top-section elementor-element elementor-element-4791777 elementor-section-boxed elementor-section-height-default elementor-section-height-default\" data-id=\"4791777\" data-element_type=\"section\" data-e-type=\"section\">\n\t\t\t\t\t\t<div class=\"elementor-container elementor-column-gap-default\">\n\t\t\t\t\t<div class=\"elementor-column elementor-col-100 elementor-top-column elementor-element elementor-element-21a98a7\" data-id=\"21a98a7\" data-element_type=\"column\" data-e-type=\"column\">\n\t\t\t<div class=\"elementor-widget-wrap elementor-element-populated\">\n\t\t\t\t\t\t<div class=\"elementor-element elementor-element-986711c elementor-invisible elementor-widget elementor-widget-heading\" data-id=\"986711c\" data-element_type=\"widget\" data-e-type=\"widget\" data-settings=\"{&quot;_animation&quot;:&quot;fadeInUp&quot;}\" data-widget_type=\"heading.default\">\n\t\t\t\t<div class=\"elementor-widget-container\">\n\t\t\t\t\t<h2 class=\"elementor-heading-title elementor-size-default\">Privacy policy and legal notice<\/h2>\t\t\t\t<\/div>\n\t\t\t\t<\/div>\n\t\t\t\t<div class=\"elementor-element elementor-element-9809e79 elementor-invisible elementor-widget elementor-widget-text-editor\" data-id=\"9809e79\" data-element_type=\"widget\" data-e-type=\"widget\" data-settings=\"{&quot;_animation&quot;:&quot;fadeInUp&quot;,&quot;_animation_delay&quot;:500}\" data-widget_type=\"text-editor.default\">\n\t\t\t\t<div class=\"elementor-widget-container\">\n\t\t\t\t\t\t\t\t\t<p>Entry into force: 12 July 2022<\/p>\n<p><strong>General information on the collection of personal data<\/strong><\/p>\n<p>DECYSIVE, a company with headquarters in Paris 03 and whose president is C\u00e9cile Maisonneuve, takes the protection of your personal data extremely seriously.<\/p>\n<p>This Privacy Policy describes how DECYSIVE (\"&nbsp;<strong>DECYSIVE <\/strong>&nbsp;\", \"&nbsp;<strong>We<\/strong>&nbsp;\", \"&nbsp;<strong>Our<\/strong>&nbsp;\"and \"&nbsp;<strong>Our<\/strong>&nbsp;\") processes and protects the personal data collected and processed.<\/p>\n<p>Personal data (&nbsp;<strong>Personal data<\/strong>&nbsp;\") includes all information (e.g. your designation (title), name, address, e-mail address, telephone number, bank details, IP address, etc.) relating to an identified or identifiable natural person (\"&nbsp;<strong>Person concerned<\/strong>&nbsp;\"). We process your Personal Data only in accordance with the provisions of Regulation (EU) 2016\/679 (the EU General Data Protection Regulation, the \"&nbsp;<strong>RGPD<\/strong>&nbsp;\").<\/p>\n<p>Personal Data is only processed after you have given your consent, or where there is another legal basis for processing such data under the GDPR. The provisions of this Privacy Policy provide you with information on the nature, scope and purpose of the processing of your Personal Data.<\/p>\n<h3>1. <strong>Presentation of the data controller<\/strong><\/h3>\n<p>This Privacy Policy applies exclusively to the processing of Personal Data by DECYSIVE.<\/p>\n<p>Our website uses cookies, other technical data (e.g. your IP address, host name, user agent, browser ID, referrer and date\/time of your access to DECYSIVE websites or service applications using a DECYSIVE ID account) and other website usage data collected. For more information, please read our <a href=\"https:\/\/decysive.eu\/en\/politique-de-cookies\/\">Cookie policy<\/a>.<\/p>\n<p>The person responsible for processing the personal data collected and processed in the context of the use of this site, and in the context of the execution of the contract with Us, is DECYSIVE.<\/p>\n<h3>2. <strong>Categories of data we collect, as well as the purposes of the processing and their legal bases.<\/strong><\/h3>\n<p>We process Personal Data as detailed in the following table:<\/p>\n<table width=\"917\">\n<thead>\n<tr>\n<td width=\"172\"><strong>Purposes of the processing<\/strong><\/td>\n<td width=\"433\"><strong>Categories of Personal Data<\/strong><\/td>\n<td width=\"144\"><strong>Legal basis of the processing<\/strong><\/td>\n<td width=\"168\"><strong>Duration of data retention <\/strong><\/td>\n<\/tr>\n<\/thead>\n<tbody>\n<tr>\n<td width=\"172\">\n<p>Providing DECYSIVE Services<\/p>\n<p>.<\/p>\n<\/td>\n<td width=\"433\">Any information you have provided to Us that is necessary to perform the contract between you and Us (name, job title, address, contact details, bank details etc.).<\/td>\n<td width=\"144\">\n<p>Necessity for the performance of a contract (Art. 6(1)(b) GDPR).<\/p>\n<p>Legal obligation (Article 6 (1) c) of the GDPR)<\/p>\n<\/td>\n<td width=\"168\">Personal Data is kept for the duration of the business relationship with DECYSIVE and as long as the applicable law allows. Personal Data will be deleted after its retention is no longer necessary, unless there are legal retention requirements (e.g. for accounting or tax purposes).<\/td>\n<\/tr>\n<tr>\n<td width=\"172\">\n<p><strong>Objectives for improving the quality of the service <\/strong><\/p>\n<p>To improve and develop the DECYSIVE Services in order to enhance the user experience of the DECYSIVE Services.<\/p>\n<\/td>\n<td width=\"433\">\n<p>In particular, the following Personal Data are processed for this purpose:<\/p>\n<p>Technical data (your IP address, host name, user agent, browser ID, referrer and date\/time of your access to DECYSIVE Services websites or applications using a DECYSIVE ID account).<\/p>\n<\/td>\n<td width=\"144\">Legitimate interests (to optimize the use of the DECYSIVE Services for you and other users) (Art. 6 (1) (f) GDPR).<\/td>\n<td width=\"168\">Personal Data is kept as long as it is necessary for the purposes for which it was collected or as long as permitted by applicable law for a maximum period of twelve (12) months after your last use of DECYSIVE ID. Personal Data will be deleted after storage is no longer necessary, unless there are legal storage requirements or limitation periods to be observed.<\/td>\n<\/tr>\n<tr>\n<td width=\"172\">\n<p><strong>Personalisation objective,<\/strong><\/p>\n<p>Customise the DECYSIVE online service to optimise the service for you<\/p>\n<\/td>\n<td width=\"433\">\n<p>In particular, the following Personal Data are processed for this purpose:<\/p>\n<p>Technical data (your IP address, host name, user agent, browser ID, referrer and date\/time of your access to DECYSIVE Services websites or applications using a DECYSIVE ID account).<\/p>\n<\/td>\n<td width=\"144\">DECYSIVE Consent (Art. 6 (1) (a) of the GDPR).<\/td>\n<td width=\"168\">Personal Data is kept as long as it is necessary for the purposes for which it was collected or as long as permitted by applicable law for a maximum period of twelve (12) months after your last use of DECYSIVE ID. Personal Data will be deleted after storage is no longer necessary, unless there are legal storage requirements or limitation periods to be observed.<\/td>\n<\/tr>\n<tr>\n<td width=\"172\">\n<p><strong>Marketing purposes<\/strong>i.e. :<\/p>\n<p>To conduct market research and\/or analysis for statistical, profiling or other purposes to enable Us to review, develop and improve the quality of our products and services and to promote sales of our products and services (including the DECYSIVE Services);<\/p><p><span style=\"font-size: 0.9em; color: var( --e-global-color-text );\">To send you information material (e.g. by e-mail) about our services and events that may be of interest to you;<\/span><\/p>\n<\/td>\n<td width=\"433\">\n<p>In particular, the following Personal Data are processed for this purpose:<\/p>\n<p>Technical data (your IP address, host name, user agent, browser ID, referrer and date\/time of your access to DECYSIVE Services websites or applications using a DECYSIVE ID account)<\/p>\n<p>The email address and other contact details you have provided to Us.<\/p>\n<\/td>\n<td width=\"144\">Consent (Art. 6(1)(a) of the GDPR).<\/td>\n<td width=\"168\">Personal Data is kept for as long as it is necessary for the purposes for which it was collected or as long as permitted by applicable law for a maximum period of twelve 24 months after your last use of DECYSIVE ID. Personal Data will be deleted after storage is no longer necessary, unless there are legal storage requirements or limitation periods to be observed.<\/td>\n<\/tr>\n<\/tbody>\n<\/table>\n<p><strong>&nbsp;<\/strong><\/p>\n<h3>3. <strong>Recipients and categories of recipients of Personal Data<\/strong><\/h3>\n<p>We do not share your Personal Information with any other entities outside of DECYSIVE . However, We use third party service providers to provide services and products on Our behalf and We will share your Personal Information with them for the provision of the services and products. Within DECYSIVE and these recipients, any access to your Personal Information in connection with your use of the website is limited to those who need to know that information in order to carry out their job responsibilities.<\/p>\n<p>We share your Personal Information with governmental authorities, courts, external advisors and similar third parties that are public bodies as required or permitted by applicable law.<\/p>\n<h3>4. <strong>International data transfers<\/strong><\/h3>\n<p>Some of the recipients of your Personal Data are located or operate outside the EEA. By entering into appropriate data transfer agreements or by other appropriate means, We have ensured that all such recipients located outside the EEA will provide an adequate level of protection for Personal Data and that appropriate technical and organisational security measures are in place to protect Personal Data. Any onward transfer is subject to the relevant requirements under applicable law.<\/p>\n<h3>5. <strong>Security measures<\/strong><\/h3>\n<p>We provide appropriate security measures to protect your Personal Data in accordance with the obligations under Article 32 of the GDPR.<\/p>\n<h3>6. <strong>Your rights<\/strong><\/h3>\n<p>As provided by the applicable data protection law (the GDPR), you have certain rights: (i) right of access; (ii) right to obtain a copy of your Personal Data being processed; (iii) right of rectification; (iv) right to erasure (\"right to be forgotten\"); (v) right to restriction of processing; (vi) right to data portability; (vii) right to object ; and (viii) the right to lodge a complaint with any competent data protection supervisory authority (the CNIL, 3 place de Fontenoy Paris, TSA 80715, 75 334 Paris Cedex 07); and (ix) the right to provide Us with instructions as to the processing of your Personal Data after your death.<\/p>\n<p>If you have declared your consent to any Personal Data processing activities, you may withdraw that consent at any time by writing to <a href=\"mailto:hello@decysive.eu\">hello@decysive.eu<\/a>. Withdrawal of consent shall not affect the lawfulness of processing based on consent carried out prior to such withdrawal.<\/p>\n<h3>7. <strong>Contact us<\/strong><\/h3>\n<p>You can contact Us by mail at DECYSIVE or at the following e-mail address <a href=\"mailto:hello@decysive.eu\" target=\"_blank\" rel=\"noopener\">hello@decysive.eu<\/a>.<\/p>\n<h3>8. <strong>Changes to the Privacy Policy<\/strong><\/h3>\n<p>This Privacy Policy may need to be updated at any time. We reserve the right to modify or replace this Privacy Policy at any time. We will post changes on our website (<a href=\"https:\/\/decysive.eu\/en\/\">https:\/\/decysive.eu\/<\/a>) and\/or inform you accordingly by email to your registered email address.<\/p>\n<h3>9. <strong>Mentions <\/strong><\/h3>\n<ul>\n<li>Identity of the company: DECYSIVE, a simplified joint stock company, located at 13 rue de Thorigny, 75003 Paris, with a share capital of 10,000 (ten thousand) euros.<\/li>\n<li>Registered in the Trade and Companies Register. SIRET : 912 352 762 00013<\/li>\n<li>Contact: <a href=\"mailto:hello@decysive.eu\">hello@decysive.eu<\/a><\/li>\n<li>VAT identification number: 83912352762<\/li>\n<li>Identity of&nbsp;<em>the host: Infomaniak Network SA Rue Eug\u00e8ne Marziano 25, 1227 Les Acacias, Geneva, Switzerland - Contact : <a href=\"https:\/\/www.infomaniak.com\/fr\/chatbot\" target=\"_blank\" rel=\"noopener\"><u>https:\/\/www.infomaniak.com\/fr\/chatbot<\/u><\/a><\/em><\/li>\n<\/ul>\t\t\t\t\t\t\t\t<\/div>\n\t\t\t\t<\/div>\n\t\t\t\t\t<\/div>\n\t\t<\/div>\n\t\t\t\t\t<\/div>\n\t\t<\/section>\n\t\t\t\t<\/div>","protected":false},"excerpt":{"rendered":"<p>Privacy policy and legal notice Effective: 12 July 2022 General information on the collection of personal data DECYSIVE, a company with its registered office in Paris 03 and whose president is C\u00e9cile Maisonneuve, takes the protection of your personal data extremely seriously. The present [...]<\/p>","protected":false},"author":2,"featured_media":0,"parent":0,"menu_order":0,"comment_status":"closed","ping_status":"closed","template":"","meta":{"_acf_changed":false,"footnotes":""},"class_list":["post-30295","page","type-page","status-publish","hentry"],"acf":[],"yoast_head":"<!-- This site is optimized with the Yoast SEO plugin v27.4 - https:\/\/yoast.com\/product\/yoast-seo-wordpress\/ -->\n<title>Politique de confidentialit\u00e9 - Decysive<\/title>\n<meta name=\"robots\" content=\"index, follow, max-snippet:-1, max-image-preview:large, max-video-preview:-1\" \/>\n<link rel=\"canonical\" href=\"https:\/\/decysive.eu\/en\/politiques\/\" \/>\n<meta property=\"og:locale\" content=\"en_GB\" \/>\n<meta property=\"og:type\" content=\"article\" \/>\n<meta property=\"og:title\" content=\"Politique de confidentialit\u00e9 - Decysive\" \/>\n<meta property=\"og:description\" content=\"Politique de confidentialit\u00e9 et mentions l\u00e9gales Entr\u00e9e en vigueur&nbsp;: 12 juillet 2022 Informations g\u00e9n\u00e9rales sur la collecte de donn\u00e9es \u00e0 caract\u00e8re personnel DECYSIVE, une soci\u00e9t\u00e9 dont le si\u00e8ge social est sis \u00e0 Paris 03 et dont la pr\u00e9sidente est C\u00e9cile Maisonneuve, prend la protection de vos donn\u00e9es \u00e0 caract\u00e8re personnel extr\u00eamement au s\u00e9rieux. La pr\u00e9sente [&hellip;]\" \/>\n<meta property=\"og:url\" content=\"https:\/\/decysive.eu\/en\/politiques\/\" \/>\n<meta property=\"og:site_name\" content=\"Decysive\" \/>\n<meta property=\"article:modified_time\" content=\"2022-07-19T16:38:39+00:00\" \/>\n<meta name=\"twitter:card\" content=\"summary_large_image\" \/>\n<meta name=\"twitter:label1\" content=\"Estimated reading time\" \/>\n\t<meta name=\"twitter:data1\" content=\"7 minutes\" \/>\n<script type=\"application\/ld+json\" class=\"yoast-schema-graph\">{\"@context\":\"https:\\\/\\\/schema.org\",\"@graph\":[{\"@type\":\"WebPage\",\"@id\":\"https:\\\/\\\/decysive.eu\\\/politiques\\\/\",\"url\":\"https:\\\/\\\/decysive.eu\\\/politiques\\\/\",\"name\":\"Politique de confidentialit\u00e9 - Decysive\",\"isPartOf\":{\"@id\":\"https:\\\/\\\/decysive.eu\\\/#website\"},\"datePublished\":\"2022-07-11T15:15:35+00:00\",\"dateModified\":\"2022-07-19T16:38:39+00:00\",\"breadcrumb\":{\"@id\":\"https:\\\/\\\/decysive.eu\\\/politiques\\\/#breadcrumb\"},\"inLanguage\":\"en-GB\",\"potentialAction\":[{\"@type\":\"ReadAction\",\"target\":[\"https:\\\/\\\/decysive.eu\\\/politiques\\\/\"]}]},{\"@type\":\"BreadcrumbList\",\"@id\":\"https:\\\/\\\/decysive.eu\\\/politiques\\\/#breadcrumb\",\"itemListElement\":[{\"@type\":\"ListItem\",\"position\":1,\"name\":\"Home\",\"item\":\"https:\\\/\\\/decysive.eu\\\/\"},{\"@type\":\"ListItem\",\"position\":2,\"name\":\"Politique de confidentialit\u00e9\"}]},{\"@type\":\"WebSite\",\"@id\":\"https:\\\/\\\/decysive.eu\\\/#website\",\"url\":\"https:\\\/\\\/decysive.eu\\\/\",\"name\":\"Decysive\",\"description\":\"Le conseil sur mesure\",\"publisher\":{\"@id\":\"https:\\\/\\\/decysive.eu\\\/#organization\"},\"potentialAction\":[{\"@type\":\"SearchAction\",\"target\":{\"@type\":\"EntryPoint\",\"urlTemplate\":\"https:\\\/\\\/decysive.eu\\\/?s={search_term_string}\"},\"query-input\":{\"@type\":\"PropertyValueSpecification\",\"valueRequired\":true,\"valueName\":\"search_term_string\"}}],\"inLanguage\":\"en-GB\"},{\"@type\":\"Organization\",\"@id\":\"https:\\\/\\\/decysive.eu\\\/#organization\",\"name\":\"Decysive\",\"url\":\"https:\\\/\\\/decysive.eu\\\/\",\"logo\":{\"@type\":\"ImageObject\",\"inLanguage\":\"en-GB\",\"@id\":\"https:\\\/\\\/decysive.eu\\\/#\\\/schema\\\/logo\\\/image\\\/\",\"url\":\"https:\\\/\\\/decysive.eu\\\/wp-content\\\/uploads\\\/2022\\\/07\\\/logo.svg\",\"contentUrl\":\"https:\\\/\\\/decysive.eu\\\/wp-content\\\/uploads\\\/2022\\\/07\\\/logo.svg\",\"width\":284,\"height\":49,\"caption\":\"Decysive\"},\"image\":{\"@id\":\"https:\\\/\\\/decysive.eu\\\/#\\\/schema\\\/logo\\\/image\\\/\"}}]}<\/script>\n<!-- \/ Yoast SEO plugin. -->","yoast_head_json":{"title":"Politique de confidentialit\u00e9 - Decysive","robots":{"index":"index","follow":"follow","max-snippet":"max-snippet:-1","max-image-preview":"max-image-preview:large","max-video-preview":"max-video-preview:-1"},"canonical":"https:\/\/decysive.eu\/en\/politiques\/","og_locale":"en_GB","og_type":"article","og_title":"Politique de confidentialit\u00e9 - Decysive","og_description":"Politique de confidentialit\u00e9 et mentions l\u00e9gales Entr\u00e9e en vigueur&nbsp;: 12 juillet 2022 Informations g\u00e9n\u00e9rales sur la collecte de donn\u00e9es \u00e0 caract\u00e8re personnel DECYSIVE, une soci\u00e9t\u00e9 dont le si\u00e8ge social est sis \u00e0 Paris 03 et dont la pr\u00e9sidente est C\u00e9cile Maisonneuve, prend la protection de vos donn\u00e9es \u00e0 caract\u00e8re personnel extr\u00eamement au s\u00e9rieux. La pr\u00e9sente [&hellip;]","og_url":"https:\/\/decysive.eu\/en\/politiques\/","og_site_name":"Decysive","article_modified_time":"2022-07-19T16:38:39+00:00","twitter_card":"summary_large_image","twitter_misc":{"Estimated reading time":"7 minutes"},"schema":{"@context":"https:\/\/schema.org","@graph":[{"@type":"WebPage","@id":"https:\/\/decysive.eu\/politiques\/","url":"https:\/\/decysive.eu\/politiques\/","name":"Politique de confidentialit\u00e9 - Decysive","isPartOf":{"@id":"https:\/\/decysive.eu\/#website"},"datePublished":"2022-07-11T15:15:35+00:00","dateModified":"2022-07-19T16:38:39+00:00","breadcrumb":{"@id":"https:\/\/decysive.eu\/politiques\/#breadcrumb"},"inLanguage":"en-GB","potentialAction":[{"@type":"ReadAction","target":["https:\/\/decysive.eu\/politiques\/"]}]},{"@type":"BreadcrumbList","@id":"https:\/\/decysive.eu\/politiques\/#breadcrumb","itemListElement":[{"@type":"ListItem","position":1,"name":"Home","item":"https:\/\/decysive.eu\/"},{"@type":"ListItem","position":2,"name":"Politique de confidentialit\u00e9"}]},{"@type":"WebSite","@id":"https:\/\/decysive.eu\/#website","url":"https:\/\/decysive.eu\/","name":"Decysive","description":"Le conseil sur mesure","publisher":{"@id":"https:\/\/decysive.eu\/#organization"},"potentialAction":[{"@type":"SearchAction","target":{"@type":"EntryPoint","urlTemplate":"https:\/\/decysive.eu\/?s={search_term_string}"},"query-input":{"@type":"PropertyValueSpecification","valueRequired":true,"valueName":"search_term_string"}}],"inLanguage":"en-GB"},{"@type":"Organization","@id":"https:\/\/decysive.eu\/#organization","name":"Decysive","url":"https:\/\/decysive.eu\/","logo":{"@type":"ImageObject","inLanguage":"en-GB","@id":"https:\/\/decysive.eu\/#\/schema\/logo\/image\/","url":"https:\/\/decysive.eu\/wp-content\/uploads\/2022\/07\/logo.svg","contentUrl":"https:\/\/decysive.eu\/wp-content\/uploads\/2022\/07\/logo.svg","width":284,"height":49,"caption":"Decysive"},"image":{"@id":"https:\/\/decysive.eu\/#\/schema\/logo\/image\/"}}]}},"_links":{"self":[{"href":"https:\/\/decysive.eu\/en\/wp-json\/wp\/v2\/pages\/30295","targetHints":{"allow":["GET"]}}],"collection":[{"href":"https:\/\/decysive.eu\/en\/wp-json\/wp\/v2\/pages"}],"about":[{"href":"https:\/\/decysive.eu\/en\/wp-json\/wp\/v2\/types\/page"}],"author":[{"embeddable":true,"href":"https:\/\/decysive.eu\/en\/wp-json\/wp\/v2\/users\/2"}],"replies":[{"embeddable":true,"href":"https:\/\/decysive.eu\/en\/wp-json\/wp\/v2\/comments?post=30295"}],"version-history":[{"count":74,"href":"https:\/\/decysive.eu\/en\/wp-json\/wp\/v2\/pages\/30295\/revisions"}],"predecessor-version":[{"id":31127,"href":"https:\/\/decysive.eu\/en\/wp-json\/wp\/v2\/pages\/30295\/revisions\/31127"}],"wp:attachment":[{"href":"https:\/\/decysive.eu\/en\/wp-json\/wp\/v2\/media?parent=30295"}],"curies":[{"name":"wp","href":"https:\/\/api.w.org\/{rel}","templated":true}]}}