{"id":29555,"date":"2022-07-09T23:05:10","date_gmt":"2022-07-09T21:05:10","guid":{"rendered":"https:\/\/decysive.eu\/?page_id=29555"},"modified":"2022-11-02T15:25:02","modified_gmt":"2022-11-02T14:25:02","slug":"cecile-maisonneuve","status":"publish","type":"page","link":"https:\/\/decysive.eu\/en\/cecile-maisonneuve\/","title":{"rendered":"Cecile Maisonneuve"},"content":{"rendered":"<div data-elementor-type=\"wp-page\" data-elementor-id=\"29555\" class=\"elementor elementor-29555\" data-elementor-post-type=\"page\">\n\t\t\t\t\t\t<section class=\"elementor-section elementor-top-section elementor-element elementor-element-e90436c elementor-section-boxed elementor-section-height-default elementor-section-height-default\" data-id=\"e90436c\" data-element_type=\"section\" data-e-type=\"section\">\n\t\t\t\t\t\t<div class=\"elementor-container elementor-column-gap-no\">\n\t\t\t\t\t<div class=\"elementor-column elementor-col-50 elementor-top-column elementor-element elementor-element-ab2644e\" data-id=\"ab2644e\" data-element_type=\"column\" data-e-type=\"column\">\n\t\t\t<div class=\"elementor-widget-wrap elementor-element-populated\">\n\t\t\t\t\t\t<div class=\"elementor-element elementor-element-e509934 effect-fade-in elementor-invisible elementor-widget elementor-widget-image\" data-id=\"e509934\" data-element_type=\"widget\" data-e-type=\"widget\" data-settings=\"{&quot;motion_fx_motion_fx_scrolling&quot;:&quot;yes&quot;,&quot;motion_fx_translateY_effect&quot;:&quot;yes&quot;,&quot;motion_fx_translateY_speed&quot;:{&quot;unit&quot;:&quot;px&quot;,&quot;size&quot;:1,&quot;sizes&quot;:[]},&quot;_animation&quot;:&quot;fadeIn&quot;,&quot;motion_fx_translateY_affectedRange&quot;:{&quot;unit&quot;:&quot;%&quot;,&quot;size&quot;:&quot;&quot;,&quot;sizes&quot;:{&quot;start&quot;:0,&quot;end&quot;:100}},&quot;motion_fx_devices&quot;:[&quot;desktop&quot;,&quot;tablet&quot;,&quot;mobile&quot;]}\" data-widget_type=\"image.default\">\n\t\t\t\t<div class=\"elementor-widget-container\">\n\t\t\t\t\t\t\t\t\t\t\t\t\t\t\t<img fetchpriority=\"high\" decoding=\"async\" width=\"1382\" height=\"1650\" src=\"https:\/\/decysive.eu\/wp-content\/uploads\/2022\/07\/Ce\u0301cile-Maisonneuve.jpg\" class=\"attachment-full size-full wp-image-29545\" alt=\"\" srcset=\"https:\/\/decysive.eu\/wp-content\/uploads\/2022\/07\/Ce\u0301cile-Maisonneuve.jpg 1382w, https:\/\/decysive.eu\/wp-content\/uploads\/2022\/07\/Ce\u0301cile-Maisonneuve-251x300.jpg 251w, https:\/\/decysive.eu\/wp-content\/uploads\/2022\/07\/Ce\u0301cile-Maisonneuve-858x1024.jpg 858w, https:\/\/decysive.eu\/wp-content\/uploads\/2022\/07\/Ce\u0301cile-Maisonneuve-768x917.jpg 768w, https:\/\/decysive.eu\/wp-content\/uploads\/2022\/07\/Ce\u0301cile-Maisonneuve-1287x1536.jpg 1287w\" sizes=\"(max-width: 1382px) 100vw, 1382px\" \/>\t\t\t\t\t\t\t\t\t\t\t\t\t\t\t<\/div>\n\t\t\t\t<\/div>\n\t\t\t\t\t<\/div>\n\t\t<\/div>\n\t\t\t\t<div class=\"elementor-column elementor-col-50 elementor-top-column elementor-element elementor-element-0f0a808\" data-id=\"0f0a808\" data-element_type=\"column\" data-e-type=\"column\">\n\t\t\t<div class=\"elementor-widget-wrap elementor-element-populated\">\n\t\t\t\t\t\t<div class=\"elementor-element elementor-element-628ab51 elementor-invisible elementor-widget elementor-widget-heading\" data-id=\"628ab51\" data-element_type=\"widget\" data-e-type=\"widget\" data-settings=\"{&quot;_animation&quot;:&quot;fadeInUp&quot;}\" data-widget_type=\"heading.default\">\n\t\t\t\t<div class=\"elementor-widget-container\">\n\t\t\t\t\t<span class=\"elementor-heading-title elementor-size-default\">president &amp; founder<\/span>\t\t\t\t<\/div>\n\t\t\t\t<\/div>\n\t\t\t\t<div class=\"elementor-element elementor-element-0c76a4c elementor-invisible elementor-widget elementor-widget-heading\" data-id=\"0c76a4c\" data-element_type=\"widget\" data-e-type=\"widget\" data-settings=\"{&quot;_animation&quot;:&quot;fadeInUp&quot;,&quot;_animation_delay&quot;:300}\" data-widget_type=\"heading.default\">\n\t\t\t\t<div class=\"elementor-widget-container\">\n\t\t\t\t\t<h2 class=\"elementor-heading-title elementor-size-default\">Cecile Maisonneuve<\/h2>\t\t\t\t<\/div>\n\t\t\t\t<\/div>\n\t\t\t\t<div class=\"elementor-element elementor-element-354f602 e-grid-align-left elementor-absolute animated-slow elementor-shape-rounded elementor-grid-0 elementor-invisible elementor-widget elementor-widget-social-icons\" data-id=\"354f602\" data-element_type=\"widget\" data-e-type=\"widget\" data-settings=\"{&quot;_position&quot;:&quot;absolute&quot;,&quot;_animation&quot;:&quot;fadeIn&quot;,&quot;_animation_delay&quot;:300}\" data-widget_type=\"social-icons.default\">\n\t\t\t\t<div class=\"elementor-widget-container\">\n\t\t\t\t\t\t\t<div class=\"elementor-social-icons-wrapper elementor-grid\" role=\"list\">\n\t\t\t\t\t\t\t<span class=\"elementor-grid-item\" role=\"listitem\">\n\t\t\t\t\t<a class=\"elementor-icon elementor-social-icon elementor-social-icon-linkedin-in elementor-repeater-item-9231c2f\" href=\"https:\/\/www.linkedin.com\/in\/c\u00e9cile-maisonneuve-58b10719\/?originalSubdomain=fr\" target=\"_blank\">\n\t\t\t\t\t\t<span class=\"elementor-screen-only\">Linkedin-in<\/span>\n\t\t\t\t\t\t<i aria-hidden=\"true\" class=\"fab fa-linkedin-in\"><\/i>\t\t\t\t\t<\/a>\n\t\t\t\t<\/span>\n\t\t\t\t\t\t\t<span class=\"elementor-grid-item\" role=\"listitem\">\n\t\t\t\t\t<a class=\"elementor-icon elementor-social-icon elementor-social-icon-twitter elementor-repeater-item-b944a9b\" href=\"https:\/\/twitter.com\/ccilmaisonneuve?lang=en\" target=\"_blank\">\n\t\t\t\t\t\t<span class=\"elementor-screen-only\">Twitter<\/span>\n\t\t\t\t\t\t<i aria-hidden=\"true\" class=\"fab fa-twitter\"><\/i>\t\t\t\t\t<\/a>\n\t\t\t\t<\/span>\n\t\t\t\t\t<\/div>\n\t\t\t\t\t\t<\/div>\n\t\t\t\t<\/div>\n\t\t\t\t\t<\/div>\n\t\t<\/div>\n\t\t\t\t\t<\/div>\n\t\t<\/section>\n\t\t\t\t<section class=\"elementor-section elementor-top-section elementor-element elementor-element-7901dc7 elementor-section-boxed elementor-section-height-default elementor-section-height-default\" data-id=\"7901dc7\" data-element_type=\"section\" data-e-type=\"section\">\n\t\t\t\t\t\t<div class=\"elementor-container elementor-column-gap-default\">\n\t\t\t\t\t<div class=\"elementor-column elementor-col-100 elementor-top-column elementor-element elementor-element-727ab9d\" data-id=\"727ab9d\" data-element_type=\"column\" data-e-type=\"column\">\n\t\t\t<div class=\"elementor-widget-wrap elementor-element-populated\">\n\t\t\t\t\t\t<div class=\"elementor-element elementor-element-74aad5d elementor-invisible elementor-widget elementor-widget-text-editor\" data-id=\"74aad5d\" data-element_type=\"widget\" data-e-type=\"widget\" data-settings=\"{&quot;_animation&quot;:&quot;fadeInUp&quot;}\" data-widget_type=\"text-editor.default\">\n\t\t\t\t<div class=\"elementor-widget-container\">\n\t\t\t\t\t\t\t\t\tWith twenty-five years of experience in the political and administrative world, then in the management teams of large companies such as VINCI and AREVA, in constant interaction with the world of ideas and research, C\u00e9cile has a unique perspective on the world. Far from ready-made ideas and fashionable concepts, she connects disciplines and establishes links that allow information to be contextualised and given depth. Its strategic vision is based on a three-pronged methodology: to cross the views and sources of information and knowledge; to listen to and decipher weak signals beyond the background noise; and to bring together worlds that ignore each other. By creating DECYSIVE, she wants to put her vision and this method at the service of the strategy of the actors who make the world of tomorrow: companies, public authorities, researchers, civil society, etc.\u00a0\t\t\t\t\t\t\t\t<\/div>\n\t\t\t\t<\/div>\n\t\t\t\t<div class=\"elementor-element elementor-element-45d7ca8 elementor-invisible elementor-widget elementor-widget-text-editor\" data-id=\"45d7ca8\" data-element_type=\"widget\" data-e-type=\"widget\" data-settings=\"{&quot;_animation&quot;:&quot;fadeInUp&quot;}\" data-widget_type=\"text-editor.default\">\n\t\t\t\t<div class=\"elementor-widget-container\">\n\t\t\t\t\t\t\t\t\tFrom her years at the Ecole Normale Sup\u00e9rieure and Sciences Po, C\u00e9cile has kept a taste for ideas, for clear and synthetic speech and writing, as well as the ability to speak simply and precisely about complex subjects to explain and convince.\t\t\t\t\t\t\t\t<\/div>\n\t\t\t\t<\/div>\n\t\t\t\t<div class=\"elementor-element elementor-element-88dad31 elementor-invisible elementor-widget elementor-widget-text-editor\" data-id=\"88dad31\" data-element_type=\"widget\" data-e-type=\"widget\" data-settings=\"{&quot;_animation&quot;:&quot;fadeInUp&quot;}\" data-widget_type=\"text-editor.default\">\n\t\t\t\t<div class=\"elementor-widget-container\">\n\t\t\t\t\t\t\t\t\tGeopolitics, energy and climate, cities of the future, public policies, mobility and transport: its expertise covers the key areas that will determine the world in which we live and work, in France, Europe and the world. In a world oscillating between the global and the local, it has a vast network ranging from political decision-makers in France and abroad, to researchers and intellectuals, to economic and industrial players and investors.\t\t\t\t\t\t\t\t<\/div>\n\t\t\t\t<\/div>\n\t\t\t\t<div class=\"elementor-element elementor-element-7a51b41 elementor-invisible elementor-widget elementor-widget-text-editor\" data-id=\"7a51b41\" data-element_type=\"widget\" data-e-type=\"widget\" data-settings=\"{&quot;_animation&quot;:&quot;fadeInUp&quot;}\" data-widget_type=\"text-editor.default\">\n\t\t\t\t<div class=\"elementor-widget-container\">\n\t\t\t\t\t\t\t\t\tC\u00e9cile has an original voice which is expressed in the media and in various think tanks, including: L'Express, where she writes a bi-monthly column on energy and environmental transition; the Institut Montaigne, where she is an advisor on urban, territorial and sustainable development issues; and the French Institute of International Relations (IFRI), as an advisor to the Energy and Climate Centre.\t\t\t\t\t\t\t\t<\/div>\n\t\t\t\t<\/div>\n\t\t\t\t<div class=\"elementor-element elementor-element-e736afc elementor-invisible elementor-widget elementor-widget-video\" data-id=\"e736afc\" data-element_type=\"widget\" data-e-type=\"widget\" data-settings=\"{&quot;youtube_url&quot;:&quot;https:\\\/\\\/www.youtube.com\\\/watch?v=Roe4kdt78m4&quot;,&quot;yt_privacy&quot;:&quot;yes&quot;,&quot;lazy_load&quot;:&quot;yes&quot;,&quot;_animation&quot;:&quot;fadeInUp&quot;,&quot;_animation_delay&quot;:500,&quot;video_type&quot;:&quot;youtube&quot;,&quot;controls&quot;:&quot;yes&quot;}\" data-widget_type=\"video.default\">\n\t\t\t\t<div class=\"elementor-widget-container\">\n\t\t\t\t\t\t\t<div class=\"elementor-wrapper elementor-open-inline\">\n\t\t\t<div class=\"elementor-video\"><\/div>\t\t<\/div>\n\t\t\t\t\t\t<\/div>\n\t\t\t\t<\/div>\n\t\t\t\t\t<\/div>\n\t\t<\/div>\n\t\t\t\t\t<\/div>\n\t\t<\/section>\n\t\t\t\t<\/div>","protected":false},"excerpt":{"rendered":"<p>Linkedin-in Twitter<\/p>","protected":false},"author":2,"featured_media":29545,"parent":0,"menu_order":0,"comment_status":"closed","ping_status":"closed","template":"","meta":{"_acf_changed":false,"footnotes":""},"class_list":["post-29555","page","type-page","status-publish","has-post-thumbnail","hentry"],"acf":[],"yoast_head":"<!-- This site is optimized with the Yoast SEO plugin v27.4 - https:\/\/yoast.com\/product\/yoast-seo-wordpress\/ -->\n<title>Cecile Maisonneuve - Decysive<\/title>\n<meta name=\"description\" content=\"C\u00e9cile a un regard unique sur le monde. Sa vision strat\u00e9gique repose sur une m\u00e9thodologie en trois volets : croiser les regards et les sources d&#039;information et de connaissance ; \u00e9couter et d\u00e9crypter les signaux faibles au-del\u00e0 du bruit de fond ; faire dialoguer des mondes qui s&#039;ignorent.\" \/>\n<meta name=\"robots\" content=\"index, follow, max-snippet:-1, max-image-preview:large, max-video-preview:-1\" \/>\n<link rel=\"canonical\" href=\"https:\/\/decysive.eu\/en\/cecile-maisonneuve\/\" \/>\n<meta property=\"og:locale\" content=\"en_GB\" \/>\n<meta property=\"og:type\" content=\"article\" \/>\n<meta property=\"og:title\" content=\"Decysive - Cecile Maisonneuve\" \/>\n<meta property=\"og:description\" content=\"C\u00e9cile a un regard unique sur le monde. Sa vision strat\u00e9gique repose sur une m\u00e9thodologie en trois volets : croiser les regards et les sources d&#039;information et de connaissance ; \u00e9couter et d\u00e9crypter les signaux faibles au-del\u00e0 du bruit de fond ; faire dialoguer des mondes qui s&#039;ignorent.\" \/>\n<meta property=\"og:url\" content=\"https:\/\/decysive.eu\/en\/cecile-maisonneuve\/\" \/>\n<meta property=\"og:site_name\" content=\"Decysive\" \/>\n<meta property=\"article:modified_time\" content=\"2022-11-02T14:25:02+00:00\" \/>\n<meta property=\"og:image\" content=\"https:\/\/decysive.eu\/wp-content\/uploads\/2022\/07\/Ce\u0301cile-Maisonneuve.jpg\" \/>\n\t<meta property=\"og:image:width\" content=\"1382\" \/>\n\t<meta property=\"og:image:height\" content=\"1650\" \/>\n\t<meta property=\"og:image:type\" content=\"image\/jpeg\" \/>\n<meta name=\"twitter:card\" content=\"summary_large_image\" \/>\n<meta name=\"twitter:title\" content=\"Decysive - Cecile Maisonneuve\" \/>\n<meta name=\"twitter:description\" content=\"C\u00e9cile a un regard unique sur le monde. Sa vision strat\u00e9gique repose sur une m\u00e9thodologie en trois volets : croiser les regards et les sources d&#039;information et de connaissance ; \u00e9couter et d\u00e9crypter les signaux faibles au-del\u00e0 du bruit de fond ; faire dialoguer des mondes qui s&#039;ignorent.\" \/>\n<meta name=\"twitter:image\" content=\"https:\/\/decysive.eu\/wp-content\/uploads\/2022\/07\/Ce\u0301cile-Maisonneuve.jpg\" \/>\n<meta name=\"twitter:label1\" content=\"Estimated reading time\" \/>\n\t<meta name=\"twitter:data1\" content=\"1 minute\" \/>\n<script type=\"application\/ld+json\" class=\"yoast-schema-graph\">{\"@context\":\"https:\\\/\\\/schema.org\",\"@graph\":[{\"@type\":[\"WebPage\",\"AboutPage\"],\"@id\":\"https:\\\/\\\/decysive.eu\\\/cecile-maisonneuve\\\/\",\"url\":\"https:\\\/\\\/decysive.eu\\\/cecile-maisonneuve\\\/\",\"name\":\"Cecile Maisonneuve - Decysive\",\"isPartOf\":{\"@id\":\"https:\\\/\\\/decysive.eu\\\/#website\"},\"primaryImageOfPage\":{\"@id\":\"https:\\\/\\\/decysive.eu\\\/cecile-maisonneuve\\\/#primaryimage\"},\"image\":{\"@id\":\"https:\\\/\\\/decysive.eu\\\/cecile-maisonneuve\\\/#primaryimage\"},\"thumbnailUrl\":\"https:\\\/\\\/decysive.eu\\\/wp-content\\\/uploads\\\/2022\\\/07\\\/Ce\u0301cile-Maisonneuve.jpg\",\"datePublished\":\"2022-07-09T21:05:10+00:00\",\"dateModified\":\"2022-11-02T14:25:02+00:00\",\"description\":\"C\u00e9cile a un regard unique sur le monde. Sa vision strat\u00e9gique repose sur une m\u00e9thodologie en trois volets : croiser les regards et les sources d'information et de connaissance ; \u00e9couter et d\u00e9crypter les signaux faibles au-del\u00e0 du bruit de fond ; faire dialoguer des mondes qui s'ignorent.\",\"breadcrumb\":{\"@id\":\"https:\\\/\\\/decysive.eu\\\/cecile-maisonneuve\\\/#breadcrumb\"},\"inLanguage\":\"en-GB\",\"potentialAction\":[{\"@type\":\"ReadAction\",\"target\":[\"https:\\\/\\\/decysive.eu\\\/cecile-maisonneuve\\\/\"]}]},{\"@type\":\"ImageObject\",\"inLanguage\":\"en-GB\",\"@id\":\"https:\\\/\\\/decysive.eu\\\/cecile-maisonneuve\\\/#primaryimage\",\"url\":\"https:\\\/\\\/decysive.eu\\\/wp-content\\\/uploads\\\/2022\\\/07\\\/Ce\u0301cile-Maisonneuve.jpg\",\"contentUrl\":\"https:\\\/\\\/decysive.eu\\\/wp-content\\\/uploads\\\/2022\\\/07\\\/Ce\u0301cile-Maisonneuve.jpg\",\"width\":1382,\"height\":1650},{\"@type\":\"BreadcrumbList\",\"@id\":\"https:\\\/\\\/decysive.eu\\\/cecile-maisonneuve\\\/#breadcrumb\",\"itemListElement\":[{\"@type\":\"ListItem\",\"position\":1,\"name\":\"Home\",\"item\":\"https:\\\/\\\/decysive.eu\\\/\"},{\"@type\":\"ListItem\",\"position\":2,\"name\":\"Cecile Maisonneuve\"}]},{\"@type\":\"WebSite\",\"@id\":\"https:\\\/\\\/decysive.eu\\\/#website\",\"url\":\"https:\\\/\\\/decysive.eu\\\/\",\"name\":\"Decysive\",\"description\":\"Le conseil sur mesure\",\"publisher\":{\"@id\":\"https:\\\/\\\/decysive.eu\\\/#organization\"},\"potentialAction\":[{\"@type\":\"SearchAction\",\"target\":{\"@type\":\"EntryPoint\",\"urlTemplate\":\"https:\\\/\\\/decysive.eu\\\/?s={search_term_string}\"},\"query-input\":{\"@type\":\"PropertyValueSpecification\",\"valueRequired\":true,\"valueName\":\"search_term_string\"}}],\"inLanguage\":\"en-GB\"},{\"@type\":\"Organization\",\"@id\":\"https:\\\/\\\/decysive.eu\\\/#organization\",\"name\":\"Decysive\",\"url\":\"https:\\\/\\\/decysive.eu\\\/\",\"logo\":{\"@type\":\"ImageObject\",\"inLanguage\":\"en-GB\",\"@id\":\"https:\\\/\\\/decysive.eu\\\/#\\\/schema\\\/logo\\\/image\\\/\",\"url\":\"https:\\\/\\\/decysive.eu\\\/wp-content\\\/uploads\\\/2022\\\/07\\\/logo.svg\",\"contentUrl\":\"https:\\\/\\\/decysive.eu\\\/wp-content\\\/uploads\\\/2022\\\/07\\\/logo.svg\",\"width\":284,\"height\":49,\"caption\":\"Decysive\"},\"image\":{\"@id\":\"https:\\\/\\\/decysive.eu\\\/#\\\/schema\\\/logo\\\/image\\\/\"}}]}<\/script>\n<!-- \/ Yoast SEO plugin. -->","yoast_head_json":{"title":"Cecile Maisonneuve - Decysive","description":"C\u00e9cile a un regard unique sur le monde. Sa vision strat\u00e9gique repose sur une m\u00e9thodologie en trois volets : croiser les regards et les sources d'information et de connaissance ; \u00e9couter et d\u00e9crypter les signaux faibles au-del\u00e0 du bruit de fond ; faire dialoguer des mondes qui s'ignorent.","robots":{"index":"index","follow":"follow","max-snippet":"max-snippet:-1","max-image-preview":"max-image-preview:large","max-video-preview":"max-video-preview:-1"},"canonical":"https:\/\/decysive.eu\/en\/cecile-maisonneuve\/","og_locale":"en_GB","og_type":"article","og_title":"Decysive - Cecile Maisonneuve","og_description":"C\u00e9cile a un regard unique sur le monde. Sa vision strat\u00e9gique repose sur une m\u00e9thodologie en trois volets : croiser les regards et les sources d'information et de connaissance ; \u00e9couter et d\u00e9crypter les signaux faibles au-del\u00e0 du bruit de fond ; faire dialoguer des mondes qui s'ignorent.","og_url":"https:\/\/decysive.eu\/en\/cecile-maisonneuve\/","og_site_name":"Decysive","article_modified_time":"2022-11-02T14:25:02+00:00","og_image":[{"width":1382,"height":1650,"url":"https:\/\/decysive.eu\/wp-content\/uploads\/2022\/07\/Ce\u0301cile-Maisonneuve.jpg","type":"image\/jpeg"}],"twitter_card":"summary_large_image","twitter_title":"Decysive - Cecile Maisonneuve","twitter_description":"C\u00e9cile a un regard unique sur le monde. Sa vision strat\u00e9gique repose sur une m\u00e9thodologie en trois volets : croiser les regards et les sources d'information et de connaissance ; \u00e9couter et d\u00e9crypter les signaux faibles au-del\u00e0 du bruit de fond ; faire dialoguer des mondes qui s'ignorent.","twitter_image":"https:\/\/decysive.eu\/wp-content\/uploads\/2022\/07\/Ce\u0301cile-Maisonneuve.jpg","twitter_misc":{"Estimated reading time":"1 minute"},"schema":{"@context":"https:\/\/schema.org","@graph":[{"@type":["WebPage","AboutPage"],"@id":"https:\/\/decysive.eu\/cecile-maisonneuve\/","url":"https:\/\/decysive.eu\/cecile-maisonneuve\/","name":"Cecile Maisonneuve - Decysive","isPartOf":{"@id":"https:\/\/decysive.eu\/#website"},"primaryImageOfPage":{"@id":"https:\/\/decysive.eu\/cecile-maisonneuve\/#primaryimage"},"image":{"@id":"https:\/\/decysive.eu\/cecile-maisonneuve\/#primaryimage"},"thumbnailUrl":"https:\/\/decysive.eu\/wp-content\/uploads\/2022\/07\/Ce\u0301cile-Maisonneuve.jpg","datePublished":"2022-07-09T21:05:10+00:00","dateModified":"2022-11-02T14:25:02+00:00","description":"C\u00e9cile a un regard unique sur le monde. Sa vision strat\u00e9gique repose sur une m\u00e9thodologie en trois volets : croiser les regards et les sources d'information et de connaissance ; \u00e9couter et d\u00e9crypter les signaux faibles au-del\u00e0 du bruit de fond ; faire dialoguer des mondes qui s'ignorent.","breadcrumb":{"@id":"https:\/\/decysive.eu\/cecile-maisonneuve\/#breadcrumb"},"inLanguage":"en-GB","potentialAction":[{"@type":"ReadAction","target":["https:\/\/decysive.eu\/cecile-maisonneuve\/"]}]},{"@type":"ImageObject","inLanguage":"en-GB","@id":"https:\/\/decysive.eu\/cecile-maisonneuve\/#primaryimage","url":"https:\/\/decysive.eu\/wp-content\/uploads\/2022\/07\/Ce\u0301cile-Maisonneuve.jpg","contentUrl":"https:\/\/decysive.eu\/wp-content\/uploads\/2022\/07\/Ce\u0301cile-Maisonneuve.jpg","width":1382,"height":1650},{"@type":"BreadcrumbList","@id":"https:\/\/decysive.eu\/cecile-maisonneuve\/#breadcrumb","itemListElement":[{"@type":"ListItem","position":1,"name":"Home","item":"https:\/\/decysive.eu\/"},{"@type":"ListItem","position":2,"name":"Cecile Maisonneuve"}]},{"@type":"WebSite","@id":"https:\/\/decysive.eu\/#website","url":"https:\/\/decysive.eu\/","name":"Decysive","description":"Le conseil sur mesure","publisher":{"@id":"https:\/\/decysive.eu\/#organization"},"potentialAction":[{"@type":"SearchAction","target":{"@type":"EntryPoint","urlTemplate":"https:\/\/decysive.eu\/?s={search_term_string}"},"query-input":{"@type":"PropertyValueSpecification","valueRequired":true,"valueName":"search_term_string"}}],"inLanguage":"en-GB"},{"@type":"Organization","@id":"https:\/\/decysive.eu\/#organization","name":"Decysive","url":"https:\/\/decysive.eu\/","logo":{"@type":"ImageObject","inLanguage":"en-GB","@id":"https:\/\/decysive.eu\/#\/schema\/logo\/image\/","url":"https:\/\/decysive.eu\/wp-content\/uploads\/2022\/07\/logo.svg","contentUrl":"https:\/\/decysive.eu\/wp-content\/uploads\/2022\/07\/logo.svg","width":284,"height":49,"caption":"Decysive"},"image":{"@id":"https:\/\/decysive.eu\/#\/schema\/logo\/image\/"}}]}},"_links":{"self":[{"href":"https:\/\/decysive.eu\/en\/wp-json\/wp\/v2\/pages\/29555","targetHints":{"allow":["GET"]}}],"collection":[{"href":"https:\/\/decysive.eu\/en\/wp-json\/wp\/v2\/pages"}],"about":[{"href":"https:\/\/decysive.eu\/en\/wp-json\/wp\/v2\/types\/page"}],"author":[{"embeddable":true,"href":"https:\/\/decysive.eu\/en\/wp-json\/wp\/v2\/users\/2"}],"replies":[{"embeddable":true,"href":"https:\/\/decysive.eu\/en\/wp-json\/wp\/v2\/comments?post=29555"}],"version-history":[{"count":167,"href":"https:\/\/decysive.eu\/en\/wp-json\/wp\/v2\/pages\/29555\/revisions"}],"predecessor-version":[{"id":31176,"href":"https:\/\/decysive.eu\/en\/wp-json\/wp\/v2\/pages\/29555\/revisions\/31176"}],"wp:featuredmedia":[{"embeddable":true,"href":"https:\/\/decysive.eu\/en\/wp-json\/wp\/v2\/media\/29545"}],"wp:attachment":[{"href":"https:\/\/decysive.eu\/en\/wp-json\/wp\/v2\/media?parent=29555"}],"curies":[{"name":"wp","href":"https:\/\/api.w.org\/{rel}","templated":true}]}}